{"id":84,"date":"2019-02-25T22:12:59","date_gmt":"2019-02-26T01:12:59","guid":{"rendered":"http:\/\/ivca.org.br\/?page_id=84"},"modified":"2019-09-26T18:32:55","modified_gmt":"2019-09-26T21:32:55","slug":"contenidos-ivca","status":"publish","type":"page","link":"https:\/\/ivca.org.br\/es\/contenidos-ivca\/","title":{"rendered":"CONTENIDOS VIDA"},"content":{"rendered":"","protected":false},"excerpt":{"rendered":"<p>Una vez que haya realizado las mejores pr\u00e1cticas a trav\u00e9s de una red internacional de instituciones sobre educaci\u00f3n, salud y calidad de vida.<\/p>\n","protected":false},"author":1,"featured_media":463,"parent":0,"menu_order":0,"comment_status":"closed","ping_status":"closed","template":"views\/template-conteudos.blade.php","meta":{"_acf_changed":false,"footnotes":""},"class_list":["post-84","page","type-page","status-publish","has-post-thumbnail","hentry"],"acf":[],"_links":{"self":[{"href":"https:\/\/ivca.org.br\/es\/wp-json\/wp\/v2\/pages\/84\/"}],"collection":[{"href":"https:\/\/ivca.org.br\/es\/wp-json\/wp\/v2\/pages\/"}],"about":[{"href":"https:\/\/ivca.org.br\/es\/wp-json\/wp\/v2\/types\/page\/"}],"author":[{"embeddable":true,"href":"https:\/\/ivca.org.br\/es\/wp-json\/wp\/v2\/users\/1\/"}],"replies":[{"embeddable":true,"href":"https:\/\/ivca.org.br\/es\/wp-json\/wp\/v2\/comments\/?post=84"}],"version-history":[{"count":16,"href":"https:\/\/ivca.org.br\/es\/wp-json\/wp\/v2\/pages\/84\/revisions\/"}],"predecessor-version":[{"id":1293,"href":"https:\/\/ivca.org.br\/es\/wp-json\/wp\/v2\/pages\/84\/revisions\/1293\/"}],"wp:featuredmedia":[{"embeddable":true,"href":"https:\/\/ivca.org.br\/es\/wp-json\/wp\/v2\/media\/463\/"}],"wp:attachment":[{"href":"https:\/\/ivca.org.br\/es\/wp-json\/wp\/v2\/media\/?parent=84"}],"curies":[{"name":"wp","href":"https:\/\/api.w.org\/{rel}","templated":true}]}}