{"id":92,"date":"2019-02-25T22:11:44","date_gmt":"2019-02-26T01:11:44","guid":{"rendered":"http:\/\/ivca.org.br\/?page_id=92"},"modified":"2019-09-26T18:33:43","modified_gmt":"2019-09-26T21:33:43","slug":"el-ivca","status":"publish","type":"page","link":"https:\/\/ivca.org.br\/es\/el-ivca\/","title":{"rendered":"EL IVCA"},"content":{"rendered":"","protected":false},"excerpt":{"rendered":"<p>Um verdadeiro centro de excel\u00eancia em educa\u00e7\u00e3o, sa\u00fade e qualidade de vida adequadas \u00e0 realidade atual das fam\u00edlias e empresas<\/p>\n","protected":false},"author":1,"featured_media":415,"parent":0,"menu_order":0,"comment_status":"closed","ping_status":"closed","template":"views\/template-institucional.blade.php","meta":{"_acf_changed":false,"footnotes":""},"class_list":["post-92","page","type-page","status-publish","has-post-thumbnail","hentry"],"acf":[],"_links":{"self":[{"href":"https:\/\/ivca.org.br\/es\/wp-json\/wp\/v2\/pages\/92\/"}],"collection":[{"href":"https:\/\/ivca.org.br\/es\/wp-json\/wp\/v2\/pages\/"}],"about":[{"href":"https:\/\/ivca.org.br\/es\/wp-json\/wp\/v2\/types\/page\/"}],"author":[{"embeddable":true,"href":"https:\/\/ivca.org.br\/es\/wp-json\/wp\/v2\/users\/1\/"}],"replies":[{"embeddable":true,"href":"https:\/\/ivca.org.br\/es\/wp-json\/wp\/v2\/comments\/?post=92"}],"version-history":[{"count":23,"href":"https:\/\/ivca.org.br\/es\/wp-json\/wp\/v2\/pages\/92\/revisions\/"}],"predecessor-version":[{"id":1297,"href":"https:\/\/ivca.org.br\/es\/wp-json\/wp\/v2\/pages\/92\/revisions\/1297\/"}],"wp:featuredmedia":[{"embeddable":true,"href":"https:\/\/ivca.org.br\/es\/wp-json\/wp\/v2\/media\/415\/"}],"wp:attachment":[{"href":"https:\/\/ivca.org.br\/es\/wp-json\/wp\/v2\/media\/?parent=92"}],"curies":[{"name":"wp","href":"https:\/\/api.w.org\/{rel}","templated":true}]}}